{"id":15,"date":"2025-10-25T22:09:28","date_gmt":"2025-10-25T22:09:28","guid":{"rendered":"https:\/\/upbeat-hopper.85-215-104-24.plesk.page\/?page_id=15"},"modified":"2026-02-11T21:27:12","modified_gmt":"2026-02-11T21:27:12","slug":"startseite","status":"publish","type":"page","link":"https:\/\/upbeat-hopper.85-215-104-24.plesk.page\/","title":{"rendered":"Startseite"},"content":{"rendered":"<h1 class=\"wp-block-heading\"><span class=\"h1-accent\">Partner f\u00fcr Strategie, Design und digitale Wirklichkeit.<\/span><\/h1>\n\nWir f\u00fchren Marken von der Idee bis zur digitalen Pr\u00e4senz. Mit Strategie, Design und Technologie schaffen wir L\u00f6sungen, die Menschen erreichen und Unternehmen voranbringen.\n\n<p>Webdesign<\/p>\n\n<figure class=\"wp-block-image size-2048x2048\"><img loading=\"lazy\" decoding=\"async\" width=\"1365\" height=\"2048\" src=\"https:\/\/upbeat-hopper.85-215-104-24.plesk.page\/wp-content\/uploads\/2025\/10\/Team-AROZ-1365x2048.jpg\" class=\"wp-image-224\" srcset=\"https:\/\/upbeat-hopper.85-215-104-24.plesk.page\/wp-content\/uploads\/2025\/10\/Team-AROZ-1365x2048.jpg 1365w, https:\/\/upbeat-hopper.85-215-104-24.plesk.page\/wp-content\/uploads\/2025\/10\/Team-AROZ-200x300.jpg 200w, https:\/\/upbeat-hopper.85-215-104-24.plesk.page\/wp-content\/uploads\/2025\/10\/Team-AROZ-683x1024.jpg 683w, https:\/\/upbeat-hopper.85-215-104-24.plesk.page\/wp-content\/uploads\/2025\/10\/Team-AROZ-768x1152.jpg 768w, https:\/\/upbeat-hopper.85-215-104-24.plesk.page\/wp-content\/uploads\/2025\/10\/Team-AROZ-1024x1536.jpg 1024w, https:\/\/upbeat-hopper.85-215-104-24.plesk.page\/wp-content\/uploads\/2025\/10\/Team-AROZ-scaled.jpg 1707w\" sizes=\"auto, (max-width: 1365px) 100vw, 1365px\" \/><\/figure>\n\n<p>SEO<\/p>\n\n<p>Content<\/p>\n\n<p>Marketing<\/p>\n\n<h2 class=\"wp-block-heading\">Unsere Kunden<\/h2>\n\n<h2 class=\"wp-block-heading\">Boris Vajgand<\/h2>\n\nFahrschule Fast Drive Wuppertal\n\nAls wir unsere Fahrschule gegr\u00fcndet haben, dachten wir, Online-Marketing sei etwas, das andere machen. Wir wollten einfach nur gute Fahrlehrer sein. Doch als Adem und Renato von Aroz zu uns kamen, sp\u00fcrte ich sofort: Die beiden verstehen uns, noch bevor wir ein Wort sagen. Nach eineinhalb Jahren geh\u00f6ren wir lokal zu den angesagtesten Fahrschulen in Wuppertal.<br>Sie haben alles f\u00fcr uns aufgebaut: Website, Texte, Fotos, Videos, Social Media, SEO, KI-Optimierung &#8230;einfach alles. Deswegen stand f\u00fcr meine Frau und mich schnell fest, Aroz Webdesign bleibt unser Partner.\n\n<h3 class=\"has-text-align-center wp-block-heading\">Jenseits der Erwartungen beginnt Aroz<\/h3>\n\n<p>Wir begleiten Marken \u00fcber Jahre hinweg, wachsen mit ihnen und entwickeln uns mit jedem Projekt weiter. Weil wir glauben, dass wahres Wachstum nicht durch Tempo entsteht, sondern durch Tiefe, Best\u00e4ndigkeit und die F\u00e4higkeit zu f\u00fchren.<\/p>\n\n<p>Erfolg ist f\u00fcr uns kein Zwischenstand, sondern ein Prozess.<br \/>Wir entwickeln Systeme, die mitwachsen und Marken, die sich weiterentwickeln.<br \/>Dabei denken wir langfristig, indem wir mit Fokus auf Substanz, Wirkung und Vertrauen schauen.<\/p>\n\n<div class=\"wp-block-buttons is-layout-flex wp-block-buttons-is-layout-flex\"><div class=\"wp-block-button\"><a class=\"wp-block-button__link\">Angebot Anfragen<\/a><\/div><\/div>\n\n<figure class=\"wp-block-image size-2048x2048\"><img loading=\"lazy\" decoding=\"async\" width=\"1792\" height=\"2048\" src=\"https:\/\/upbeat-hopper.85-215-104-24.plesk.page\/wp-content\/uploads\/2025\/10\/Renato-Adem-Aroz-Webdesign-1792x2048.jpg\" class=\"wp-image-215\" srcset=\"https:\/\/upbeat-hopper.85-215-104-24.plesk.page\/wp-content\/uploads\/2025\/10\/Renato-Adem-Aroz-Webdesign-1792x2048.jpg 1792w, https:\/\/upbeat-hopper.85-215-104-24.plesk.page\/wp-content\/uploads\/2025\/10\/Renato-Adem-Aroz-Webdesign-263x300.jpg 263w, https:\/\/upbeat-hopper.85-215-104-24.plesk.page\/wp-content\/uploads\/2025\/10\/Renato-Adem-Aroz-Webdesign-896x1024.jpg 896w, https:\/\/upbeat-hopper.85-215-104-24.plesk.page\/wp-content\/uploads\/2025\/10\/Renato-Adem-Aroz-Webdesign-768x878.jpg 768w, https:\/\/upbeat-hopper.85-215-104-24.plesk.page\/wp-content\/uploads\/2025\/10\/Renato-Adem-Aroz-Webdesign-1344x1536.jpg 1344w\" sizes=\"auto, (max-width: 1792px) 100vw, 1792px\" \/><\/figure>\n\n<h2 class=\"wp-block-heading\">Wir verwandeln Ambitionen in digitale Realit\u00e4t.<\/h2>\n\n<div class=\"wp-block-buttons is-layout-flex wp-block-buttons-is-layout-flex\"><div class=\"wp-block-button\"><a class=\"wp-block-button__link\">Angebot Anfragen<\/a><\/div><\/div>\n\n<h2><b>Digitale L\u00f6sungen, die messbar wirken. Willkommen im AROZ Kosmos.<\/b><\/h2>\n<p><br \/>Unsere Arbeit verbindet Strategie und Design zu digitalen \u00d6kosystemen, die Marken sichtbar und relevant machen. Von der Markenentwicklung \u00fcber Webdesign bis zur Content-Strategie denken wir vernetzt.<span class=\"Apple-converted-space\">\u00a0<\/span><\/p>\n\n<p>Jede L\u00f6sung entsteht aus Daten, Erfahrung und einem klaren Gesp\u00fcr f\u00fcr das, was Menschen anspricht.<\/p>\n\n<h3 class=\"wp-block-heading\">Digitale l\u00f6sungen<\/h3>\n\n<h3 class=\"wp-block-heading\">Online Marketing<\/h3>\n\n<h3 class=\"wp-block-heading\">Branding<\/h3>\n\n<h3 class=\"wp-block-heading\">Content<\/h3>\n\n<h3 class=\"wp-block-heading\"><p>&bdquo;Aroz Webdesign hat uns gezeigt,<br \/>&nbsp; was echte Partnerschaft bedeutet.&ldquo;<\/p><\/h3>\n\n<h3 class=\"wp-block-heading\">Aroz ist f\u00fcr uns kein Dienstleister. Sie sind Partner, Freunde und ein wichtiger Teil unserer Geschichte.<\/h3>\n\n<figure class=\"wp-block-gallery columns-0 is-cropped wp-block-gallery-1 is-layout-flex wp-block-gallery-is-layout-flex\"><ul class=\"blocks-gallery-grid\"><li class=\"blocks-gallery-item\"><figure><img loading=\"lazy\" decoding=\"async\" width=\"2560\" height=\"1681\" src=\"https:\/\/upbeat-hopper.85-215-104-24.plesk.page\/wp-content\/uploads\/2025\/11\/Fahrschule-Fast-Drive-Wuppertal-ueber-uns-scaled.jpg\" alt=\"\" data-id=\"860\" data-full-url=\"https:\/\/upbeat-hopper.85-215-104-24.plesk.page\/wp-content\/uploads\/2025\/11\/Fahrschule-Fast-Drive-Wuppertal-ueber-uns-scaled.jpg\" data-link=\"https:\/\/upbeat-hopper.85-215-104-24.plesk.page\/fahrschule-fast-drive-wuppertal-ueber-uns\/\" class=\"wp-image-860\" srcset=\"https:\/\/upbeat-hopper.85-215-104-24.plesk.page\/wp-content\/uploads\/2025\/11\/Fahrschule-Fast-Drive-Wuppertal-ueber-uns-scaled.jpg 2560w, https:\/\/upbeat-hopper.85-215-104-24.plesk.page\/wp-content\/uploads\/2025\/11\/Fahrschule-Fast-Drive-Wuppertal-ueber-uns-300x197.jpg 300w, https:\/\/upbeat-hopper.85-215-104-24.plesk.page\/wp-content\/uploads\/2025\/11\/Fahrschule-Fast-Drive-Wuppertal-ueber-uns-1024x672.jpg 1024w, https:\/\/upbeat-hopper.85-215-104-24.plesk.page\/wp-content\/uploads\/2025\/11\/Fahrschule-Fast-Drive-Wuppertal-ueber-uns-768x504.jpg 768w, https:\/\/upbeat-hopper.85-215-104-24.plesk.page\/wp-content\/uploads\/2025\/11\/Fahrschule-Fast-Drive-Wuppertal-ueber-uns-1536x1008.jpg 1536w, https:\/\/upbeat-hopper.85-215-104-24.plesk.page\/wp-content\/uploads\/2025\/11\/Fahrschule-Fast-Drive-Wuppertal-ueber-uns-2048x1345.jpg 2048w\" sizes=\"auto, (max-width: 2560px) 100vw, 2560px\" \/><\/figure><\/li><\/ul><\/figure>\n\n<figure class=\"wp-block-gallery columns-0 is-cropped wp-block-gallery-2 is-layout-flex wp-block-gallery-is-layout-flex\"><ul class=\"blocks-gallery-grid\"><li class=\"blocks-gallery-item\"><figure><img loading=\"lazy\" decoding=\"async\" width=\"2560\" height=\"1440\" src=\"https:\/\/upbeat-hopper.85-215-104-24.plesk.page\/wp-content\/uploads\/2025\/11\/Fast-Driv-Wuppertal-BMW-X2--scaled.jpg\" alt=\"\" data-id=\"863\" data-full-url=\"https:\/\/upbeat-hopper.85-215-104-24.plesk.page\/wp-content\/uploads\/2025\/11\/Fast-Driv-Wuppertal-BMW-X2--scaled.jpg\" data-link=\"https:\/\/upbeat-hopper.85-215-104-24.plesk.page\/fast-driv-wuppertal-bmw-x2\/\" class=\"wp-image-863\" srcset=\"https:\/\/upbeat-hopper.85-215-104-24.plesk.page\/wp-content\/uploads\/2025\/11\/Fast-Driv-Wuppertal-BMW-X2--scaled.jpg 2560w, https:\/\/upbeat-hopper.85-215-104-24.plesk.page\/wp-content\/uploads\/2025\/11\/Fast-Driv-Wuppertal-BMW-X2--300x169.jpg 300w, https:\/\/upbeat-hopper.85-215-104-24.plesk.page\/wp-content\/uploads\/2025\/11\/Fast-Driv-Wuppertal-BMW-X2--1024x576.jpg 1024w, https:\/\/upbeat-hopper.85-215-104-24.plesk.page\/wp-content\/uploads\/2025\/11\/Fast-Driv-Wuppertal-BMW-X2--768x432.jpg 768w, https:\/\/upbeat-hopper.85-215-104-24.plesk.page\/wp-content\/uploads\/2025\/11\/Fast-Driv-Wuppertal-BMW-X2--1536x864.jpg 1536w, https:\/\/upbeat-hopper.85-215-104-24.plesk.page\/wp-content\/uploads\/2025\/11\/Fast-Driv-Wuppertal-BMW-X2--2048x1152.jpg 2048w\" sizes=\"auto, (max-width: 2560px) 100vw, 2560px\" \/><\/figure><\/li><\/ul><\/figure>\n\niTrust Automobile\n\n<h2 class=\"wp-block-heading\">Sefkan T\u00fcn<\/h2>\n\n<h3 class=\"wp-block-heading\">&#8222;Aroz Webdesign hat mir gezeigt, was eigene Online Pr\u00e4senz bedeutet&#8220;<\/h3>\n\nMit mehr als zehn Jahren Erfahrung im Automobilbereich kannte ich Online Pr\u00e4senz bisher nur \u00fcber Plattformen. Erst durch Adem und Renato habe ich verstanden, wie wertvoll eine eigene Website ist. Sie haben den kompletten Aufbau unserer Website \u00fcbernommen. Von der ersten Idee bis zur fertigen Umsetzung lief alles reibungslos. Die Zusammenarbeit hat mich \u00fcberzeugt. Deshalb habe ich auch unsere zweite Website f\u00fcr den Autoankauf von Aroz Webdesign erstellen lassen. Ich bin sehr zufrieden und m\u00f6chte meine Online Pr\u00e4senz langfristig st\u00e4rken. Gemeinsam mit Aroz setze ich dabei auf SEO und KI-Optimierung, um auch digital weiter zu wachsen.\n\n<h3 class=\"wp-block-heading\">Aus einer Partnerschaft ist Freundschaft geworden. Aus einem Erstgespr\u00e4ch ist Sichtbarkeit entstanden. Aroz ist f\u00fcr mich mehr als eine Agentur, sie sind Teil unserer Zukunft.<\/h3>\n\n<figure class=\"wp-block-gallery columns-1 is-cropped wp-block-gallery-3 is-layout-flex wp-block-gallery-is-layout-flex\"><ul class=\"blocks-gallery-grid\"><li class=\"blocks-gallery-item\"><figure><img loading=\"lazy\" decoding=\"async\" width=\"1316\" height=\"840\" src=\"https:\/\/upbeat-hopper.85-215-104-24.plesk.page\/wp-content\/uploads\/2025\/11\/Itrust-automobile-kunde-von-Aroz-webdesign.png\" alt=\"\" data-id=\"870\" data-full-url=\"https:\/\/upbeat-hopper.85-215-104-24.plesk.page\/wp-content\/uploads\/2025\/11\/Itrust-automobile-kunde-von-Aroz-webdesign.png\" data-link=\"https:\/\/upbeat-hopper.85-215-104-24.plesk.page\/itrust-automobile-kunde-von-aroz-webdesign\/\" class=\"wp-image-870\" srcset=\"https:\/\/upbeat-hopper.85-215-104-24.plesk.page\/wp-content\/uploads\/2025\/11\/Itrust-automobile-kunde-von-Aroz-webdesign.png 1316w, https:\/\/upbeat-hopper.85-215-104-24.plesk.page\/wp-content\/uploads\/2025\/11\/Itrust-automobile-kunde-von-Aroz-webdesign-300x191.png 300w, https:\/\/upbeat-hopper.85-215-104-24.plesk.page\/wp-content\/uploads\/2025\/11\/Itrust-automobile-kunde-von-Aroz-webdesign-1024x654.png 1024w, https:\/\/upbeat-hopper.85-215-104-24.plesk.page\/wp-content\/uploads\/2025\/11\/Itrust-automobile-kunde-von-Aroz-webdesign-768x490.png 768w\" sizes=\"auto, (max-width: 1316px) 100vw, 1316px\" \/><\/figure><\/li><\/ul><\/figure>\n\n<figure class=\"wp-block-gallery columns-1 is-cropped wp-block-gallery-4 is-layout-flex wp-block-gallery-is-layout-flex\"><ul class=\"blocks-gallery-grid\"><li class=\"blocks-gallery-item\"><figure><img loading=\"lazy\" decoding=\"async\" width=\"1134\" height=\"728\" src=\"https:\/\/upbeat-hopper.85-215-104-24.plesk.page\/wp-content\/uploads\/2025\/11\/AROZ-WEBDESIGN-KUNDE-e1762378990600.webp\" alt=\"\" data-id=\"869\" data-full-url=\"https:\/\/upbeat-hopper.85-215-104-24.plesk.page\/wp-content\/uploads\/2025\/11\/AROZ-WEBDESIGN-KUNDE-e1762378990600.webp\" data-link=\"https:\/\/upbeat-hopper.85-215-104-24.plesk.page\/aroz-webdesign-kunde\/\" class=\"wp-image-869\" srcset=\"https:\/\/upbeat-hopper.85-215-104-24.plesk.page\/wp-content\/uploads\/2025\/11\/AROZ-WEBDESIGN-KUNDE-e1762378990600.webp 1134w, https:\/\/upbeat-hopper.85-215-104-24.plesk.page\/wp-content\/uploads\/2025\/11\/AROZ-WEBDESIGN-KUNDE-e1762378990600-300x193.webp 300w, https:\/\/upbeat-hopper.85-215-104-24.plesk.page\/wp-content\/uploads\/2025\/11\/AROZ-WEBDESIGN-KUNDE-e1762378990600-1024x657.webp 1024w, https:\/\/upbeat-hopper.85-215-104-24.plesk.page\/wp-content\/uploads\/2025\/11\/AROZ-WEBDESIGN-KUNDE-e1762378990600-768x493.webp 768w\" sizes=\"auto, (max-width: 1134px) 100vw, 1134px\" \/><\/figure><\/li><\/ul><\/figure>\n\n<p>Aroz Webdesign\u00a0<\/p>\n\n<h3 class=\"has-text-align-center wp-block-heading\">Wir f\u00fchren, wo andere folgen.<\/h3>\n\n\n\nWas uns aus macht\n\nWir sind Partner f\u00fcr Unternehmen, die bereit sind, zu wachsen. Unsere Arbeit beginnt mit Verst\u00e4ndnis und endet mit Verantwortung. Wir hinterfragen, gestalten, leiten und begleiten.\n\nViele Agenturen liefern Ergebnisse. Wir schaffen Entwicklung.\nWir bringen Klarheit in Prozesse, Emotion in Design und Richtung in Strategien. Das ist der Unterschied zwischen umsetzen und f\u00fchren.\n\n<div class=\"wp-block-buttons is-layout-flex wp-block-buttons-is-layout-flex\"><div class=\"wp-block-button\"><a class=\"wp-block-button__link\">Angebot Anfragen<\/a><\/div><\/div>\n\n<h2 class=\"has-text-align-center wp-block-heading\">BEREIT F\u00dcR VER\u00c4NDERUNG?<\/h2>\n\n<!-- wp:Array \/-->\n\n<p>Aroz Erfolgsgeschichten<\/p>\n\n<h3 class=\"has-text-align-center wp-block-heading\">Von ersten Projekten zu echten Partnerschaften<\/h3>\n\n\n\nKunden, die zu Partnern und Freunden wurden\n\nJede Zusammenarbeit beginnt mit einer Idee. Doch bei Aroz entsteht daraus oft mehr als nur ein Projekt. Wir begleiten unsere Kunden mit Leidenschaft, Offenheit und dem festen Willen, gemeinsam Gro\u00dfes zu erreichen. Schritt f\u00fcr Schritt w\u00e4chst aus Vertrauen eine Partnerschaft, die \u00fcber Jahre Bestand hat. Viele unserer Kunden z\u00e4hlen heute nicht nur auf unsere Expertise, sondern auch auf das pers\u00f6nliche Miteinander. Denn echter Erfolg entsteht, wenn man gemeinsam denkt, gemeinsam handelt und sich aufeinander verlassen kann. Genau das macht unsere Geschichten so besonders.\n\n<h3 class=\"wp-block-heading\">Wachstum beginnt mit einem Gespr\u00e4ch<\/h3>\n\n<p>Wenn du sp\u00fcrst, dass deine Marke mehr kann.<br \/>Wenn du eine Agentur suchst, die dich f\u00fchrt, statt dir zu folgen.<br \/>Wenn du mehr willst als sch\u00f6ne Bilder und schnelle Versprechen.<br \/>Dann bist du bereit, den n\u00e4chsten digitalen Schritt zu gehen \u2013 hin zu klarer Markenstrategie, modernem Design und echtem Wachstum.<\/p>","protected":false},"excerpt":{"rendered":"<p>Partner f\u00fcr Strategie, Design und digitale Wirklichkeit. Wir f\u00fchren Marken von der Idee bis zur digitalen Pr\u00e4senz. Mit Strategie, Design und Technologie schaffen wir L\u00f6sungen, die Menschen erreichen und Unternehmen voranbringen. Webdesign SEO Content Marketing Unsere Kunden Boris Vajgand Fahrschule Fast Drive Wuppertal Als wir unsere Fahrschule gegr\u00fcndet haben, dachten wir, Online-Marketing sei etwas, das [&hellip;]<\/p>\n","protected":false},"author":1,"featured_media":0,"parent":0,"menu_order":0,"comment_status":"closed","ping_status":"closed","template":"","meta":{"footnotes":""},"class_list":["post-15","page","type-page","status-publish","hentry"],"_links":{"self":[{"href":"https:\/\/upbeat-hopper.85-215-104-24.plesk.page\/index.php\/wp-json\/wp\/v2\/pages\/15","targetHints":{"allow":["GET"]}}],"collection":[{"href":"https:\/\/upbeat-hopper.85-215-104-24.plesk.page\/index.php\/wp-json\/wp\/v2\/pages"}],"about":[{"href":"https:\/\/upbeat-hopper.85-215-104-24.plesk.page\/index.php\/wp-json\/wp\/v2\/types\/page"}],"author":[{"embeddable":true,"href":"https:\/\/upbeat-hopper.85-215-104-24.plesk.page\/index.php\/wp-json\/wp\/v2\/users\/1"}],"replies":[{"embeddable":true,"href":"https:\/\/upbeat-hopper.85-215-104-24.plesk.page\/index.php\/wp-json\/wp\/v2\/comments?post=15"}],"version-history":[{"count":100,"href":"https:\/\/upbeat-hopper.85-215-104-24.plesk.page\/index.php\/wp-json\/wp\/v2\/pages\/15\/revisions"}],"predecessor-version":[{"id":1881,"href":"https:\/\/upbeat-hopper.85-215-104-24.plesk.page\/index.php\/wp-json\/wp\/v2\/pages\/15\/revisions\/1881"}],"wp:attachment":[{"href":"https:\/\/upbeat-hopper.85-215-104-24.plesk.page\/index.php\/wp-json\/wp\/v2\/media?parent=15"}],"curies":[{"name":"wp","href":"https:\/\/api.w.org\/{rel}","templated":true}]}}