{"id":1687,"date":"2025-12-03T21:14:06","date_gmt":"2025-12-03T21:14:06","guid":{"rendered":"https:\/\/upbeat-hopper.85-215-104-24.plesk.page\/?page_id=1687"},"modified":"2026-01-19T20:12:26","modified_gmt":"2026-01-19T20:12:26","slug":"markenstrategie","status":"publish","type":"page","link":"https:\/\/upbeat-hopper.85-215-104-24.plesk.page\/index.php\/markenstrategie\/","title":{"rendered":"Markenstrategie"},"content":{"rendered":"<h1 class=\"has-text-align-center wp-block-heading\">Markenstrategie<\/h1>\n\nBranding\n\nStarke Marken entstehen nicht zuf\u00e4llig. Sie entstehen aus Haltung, Analyse und einem klaren Plan. Wir entwickeln Markenstrategien, die Orientierung geben, Entscheidungen leiten und Markenidentit\u00e4t mit Wirkung verbinden.\n\n<div class=\"wp-block-buttons is-layout-flex wp-block-buttons-is-layout-flex\"><div class=\"wp-block-button\"><a class=\"wp-block-button__link\">Markenstrategie entwickeln<\/a><\/div><\/div>\n\n<div class=\"wp-block-buttons is-layout-flex wp-block-buttons-is-layout-flex\"><div class=\"wp-block-button\"><a class=\"wp-block-button__link\">Jetzt beraten lassen<\/a><\/div><\/div>\n\n<figure class=\"wp-block-image size-large\"><img decoding=\"async\" src=\"https:\/\/upbeat-hopper.85-215-104-24.plesk.page\/wp-content\/themes\/bricks\/assets\/images\/placeholder-image-800x600.jpg\" alt><\/figure>\n\n<h2 class=\"wp-block-heading\">Weil deine Marke mehr ist als ein Logo.<\/h2>\n\n<figure class=\"wp-block-image size-large\"><img decoding=\"async\" src=\"https:\/\/upbeat-hopper.85-215-104-24.plesk.page\/wp-content\/themes\/bricks\/assets\/images\/placeholder-image-800x600.jpg\" alt><\/figure>\n\n<figure class=\"wp-block-image size-large\"><img decoding=\"async\" src=\"https:\/\/upbeat-hopper.85-215-104-24.plesk.page\/wp-content\/themes\/bricks\/assets\/images\/placeholder-image-800x600.jpg\" alt><\/figure>\n\n<h2 class=\"has-text-align-center wp-block-heading\">Wie wir Marken Richtung geben.<\/h2>\n\n<p>Das Fundament f\u00fcr dauerhafte Kundenbindung legen wir, indem wir Design, Sprache und Online-Pr\u00e4senz einer Marke zusammenspielen lassen. Dadurch entsteht ein echtes und authentisches Markenvertrauen.\u00a0<\/p>\n\n<h2 class=\"wp-block-heading\">F\u00fcr alle, die mehr wollen als nur gesehen werden.<\/h2>\n\n<p><span style=\"font-weight: 400;\">Unsere Kunden kommen aus unterschiedlichen Welten: Fahrschulen, Caf\u00e9s, Autoh\u00e4user, Bildungseinrichtungen. Doch sie alle haben etwas gemeinsam: Sie wollen eine Marke, die Wiedererkennung ausstrahlt und sp\u00fcrbar wirkt.<\/span><\/p>\n\n<h3 class=\"wp-block-heading\">Deswegen arbeiten wir nicht f\u00fcr Branchen. Wir arbeiten f\u00fcr Menschen, die verstanden haben, dass Sichtbarkeit kein Zufall, sondern eine Strategie ist.<\/h3>\n\n<figure class=\"wp-block-image size-large\"><img loading=\"lazy\" decoding=\"async\" width=\"683\" height=\"1024\" src=\"https:\/\/upbeat-hopper.85-215-104-24.plesk.page\/wp-content\/uploads\/2025\/10\/Team-AROZ-683x1024.jpg\" alt class=\"wp-image-224\" srcset=\"https:\/\/upbeat-hopper.85-215-104-24.plesk.page\/wp-content\/uploads\/2025\/10\/Team-AROZ-683x1024.jpg 683w, https:\/\/upbeat-hopper.85-215-104-24.plesk.page\/wp-content\/uploads\/2025\/10\/Team-AROZ-200x300.jpg 200w, https:\/\/upbeat-hopper.85-215-104-24.plesk.page\/wp-content\/uploads\/2025\/10\/Team-AROZ-768x1152.jpg 768w, https:\/\/upbeat-hopper.85-215-104-24.plesk.page\/wp-content\/uploads\/2025\/10\/Team-AROZ-1024x1536.jpg 1024w, https:\/\/upbeat-hopper.85-215-104-24.plesk.page\/wp-content\/uploads\/2025\/10\/Team-AROZ-1365x2048.jpg 1365w, https:\/\/upbeat-hopper.85-215-104-24.plesk.page\/wp-content\/uploads\/2025\/10\/Team-AROZ-scaled.jpg 1707w\" sizes=\"auto, (max-width: 683px) 100vw, 683px\" \/><\/figure>\n\n<h1 class=\"has-text-align-center wp-block-heading\">Deine Marke beginnt hier.<\/h1>\n\n<p><span style=\"font-weight: 400;\">Markenstrategie ist kein Dokument, sondern ein Werkzeug. Sie schafft Orientierung in einer komplexen Welt, in der Entscheidungen schnell getroffen werden m\u00fcssen.<\/span><span style=\"font-weight: 400;\"><br \/><\/span><span style=\"font-weight: 400;\">Mit Aroz entsteht eine strategische Basis, die Klarheit schafft und Gestaltung lenkt. Wir verbinden Denken und Design zu einem Prozess, der Marken stark macht \u2013 nachhaltig, relevant und menschlich.<\/span><\/p>\n\n<!-- wp:Array \/-->\n\n<div class=\"wp-block-buttons is-layout-flex wp-block-buttons-is-layout-flex\"><div class=\"wp-block-button\"><a class=\"wp-block-button__link\">Jetzt Strategie entwickeln<\/a><\/div><\/div>\n\n<p>Unsere Arbeit beginnt mit Fragen, nicht mit Antworten. Wir h\u00f6ren zu, analysieren M\u00e4rkte, Zielgruppen und Wahrnehmungen. So entsteht eine strategische Basis, die jeder Entscheidung Bedeutung verleiht und Marken langfristig f\u00fchrt.<\/p>\n\n<h3 class=\"wp-block-heading\">Wir entwickeln klare Positionierungen, die Unternehmen Orientierung geben.<\/h3>\n\n<p>Eine Marke entsteht nicht durch Design, sondern durch Richtung. Strategie ist der unsichtbare Rahmen, der Haltung, Kommunikation und Gestaltung verbindet.<\/p>\n\n<p>Alles beginnt mit deinem Logo<\/p>\n\n<p>Aroz Erfolgsgeschichten<\/p>\n\n<h2 class=\"has-text-align-center wp-block-heading\">Die Agentur, die Marken Richtung und Bedeutung gibt.<\/h2>\n\n\n\n<div class=\"wp-block-buttons is-layout-flex wp-block-buttons-is-layout-flex\"><div class=\"wp-block-button\"><a class=\"wp-block-button__link\">Strategieberatung anfragen<\/a><\/div><\/div>\n\nErlebe den Unterschied\n\nEine gute Strategie beantwortet drei Fragen: Wer sind wir, warum gibt es uns und wohin wollen wir gehen? Wir \u00fcbersetzen diese Antworten in klare Botschaften, visuelle Prinzipien und erlebbare Identit\u00e4t. Unsere Markenstrategien sind nicht theoretisch, sondern handlungsorientiert, indem wir Analyse mit Intuition, Klarheit mit Emotion und Haltung mit Wirkung verbinden.","protected":false},"excerpt":{"rendered":"<p>Markenstrategie Branding Starke Marken entstehen nicht zuf\u00e4llig. Sie entstehen aus Haltung, Analyse und einem klaren Plan. Wir entwickeln Markenstrategien, die Orientierung geben, Entscheidungen leiten und Markenidentit\u00e4t mit Wirkung verbinden. Weil deine Marke mehr ist als ein Logo. Wie wir Marken Richtung geben. Das Fundament f\u00fcr dauerhafte Kundenbindung legen wir, indem wir Design, Sprache und Online-Pr\u00e4senz [&hellip;]<\/p>\n","protected":false},"author":1,"featured_media":0,"parent":0,"menu_order":0,"comment_status":"closed","ping_status":"closed","template":"","meta":{"footnotes":""},"class_list":["post-1687","page","type-page","status-publish","hentry"],"_links":{"self":[{"href":"https:\/\/upbeat-hopper.85-215-104-24.plesk.page\/index.php\/wp-json\/wp\/v2\/pages\/1687","targetHints":{"allow":["GET"]}}],"collection":[{"href":"https:\/\/upbeat-hopper.85-215-104-24.plesk.page\/index.php\/wp-json\/wp\/v2\/pages"}],"about":[{"href":"https:\/\/upbeat-hopper.85-215-104-24.plesk.page\/index.php\/wp-json\/wp\/v2\/types\/page"}],"author":[{"embeddable":true,"href":"https:\/\/upbeat-hopper.85-215-104-24.plesk.page\/index.php\/wp-json\/wp\/v2\/users\/1"}],"replies":[{"embeddable":true,"href":"https:\/\/upbeat-hopper.85-215-104-24.plesk.page\/index.php\/wp-json\/wp\/v2\/comments?post=1687"}],"version-history":[{"count":7,"href":"https:\/\/upbeat-hopper.85-215-104-24.plesk.page\/index.php\/wp-json\/wp\/v2\/pages\/1687\/revisions"}],"predecessor-version":[{"id":1799,"href":"https:\/\/upbeat-hopper.85-215-104-24.plesk.page\/index.php\/wp-json\/wp\/v2\/pages\/1687\/revisions\/1799"}],"wp:attachment":[{"href":"https:\/\/upbeat-hopper.85-215-104-24.plesk.page\/index.php\/wp-json\/wp\/v2\/media?parent=1687"}],"curies":[{"name":"wp","href":"https:\/\/api.w.org\/{rel}","templated":true}]}}