{"id":65,"date":"2025-10-24T20:17:53","date_gmt":"2025-10-24T20:17:53","guid":{"rendered":"https:\/\/upbeat-hopper.85-215-104-24.plesk.page\/?page_id=65"},"modified":"2025-11-28T17:44:11","modified_gmt":"2025-11-28T17:44:11","slug":"agentur","status":"publish","type":"page","link":"https:\/\/upbeat-hopper.85-215-104-24.plesk.page\/index.php\/agentur\/","title":{"rendered":"Agentur"},"content":{"rendered":"<div class=\"wp-block-buttons is-layout-flex wp-block-buttons-is-layout-flex\"><div class=\"wp-block-button\"><a class=\"wp-block-button__link\">Jetzt Projekt starten<\/a><\/div><\/div>\n\n<h1 class=\"has-text-align-left wp-block-heading\">Agentur f\u00fcr strategisches Webdesign<\/h1>\n\n<p>Wir formen digitale Wirklichkeiten f\u00fcr Unternehmen.<\/p>\n\n\n\nWir glauben, dass echtes Webdesign mehr ist als sch\u00f6ne Seiten und moderne Technik. Es ist die Kunst, Marken f\u00fchlbar zu machen. Mit strategischem Denken, kreativer Energie und dem Anspruch, jedes Detail zum Erlebnis zu formen, erschaffen wir digitale Welten, die wirken.\n\n<figure class=\"wp-block-image size-full\"><img loading=\"lazy\" decoding=\"async\" width=\"2240\" height=\"2560\" src=\"https:\/\/upbeat-hopper.85-215-104-24.plesk.page\/wp-content\/uploads\/2025\/10\/Renato-Adem-Aroz-Webdesign-scaled.jpg\" alt class=\"wp-image-215\" srcset=\"https:\/\/upbeat-hopper.85-215-104-24.plesk.page\/wp-content\/uploads\/2025\/10\/Renato-Adem-Aroz-Webdesign-scaled.jpg 2240w, https:\/\/upbeat-hopper.85-215-104-24.plesk.page\/wp-content\/uploads\/2025\/10\/Renato-Adem-Aroz-Webdesign-263x300.jpg 263w, https:\/\/upbeat-hopper.85-215-104-24.plesk.page\/wp-content\/uploads\/2025\/10\/Renato-Adem-Aroz-Webdesign-896x1024.jpg 896w, https:\/\/upbeat-hopper.85-215-104-24.plesk.page\/wp-content\/uploads\/2025\/10\/Renato-Adem-Aroz-Webdesign-768x878.jpg 768w, https:\/\/upbeat-hopper.85-215-104-24.plesk.page\/wp-content\/uploads\/2025\/10\/Renato-Adem-Aroz-Webdesign-1344x1536.jpg 1344w, https:\/\/upbeat-hopper.85-215-104-24.plesk.page\/wp-content\/uploads\/2025\/10\/Renato-Adem-Aroz-Webdesign-1792x2048.jpg 1792w\" sizes=\"auto, (max-width: 2240px) 100vw, 2240px\" \/><\/figure>\n\n<figure class=\"wp-block-image size-full\"><img loading=\"lazy\" decoding=\"async\" width=\"1562\" height=\"2560\" src=\"https:\/\/upbeat-hopper.85-215-104-24.plesk.page\/wp-content\/uploads\/2025\/11\/AROZ-WEBDESIGN-scaled-e1762470670339.jpg\" alt class=\"wp-image-898\" srcset=\"https:\/\/upbeat-hopper.85-215-104-24.plesk.page\/wp-content\/uploads\/2025\/11\/AROZ-WEBDESIGN-scaled-e1762470670339.jpg 1562w, https:\/\/upbeat-hopper.85-215-104-24.plesk.page\/wp-content\/uploads\/2025\/11\/AROZ-WEBDESIGN-scaled-e1762470670339-183x300.jpg 183w, https:\/\/upbeat-hopper.85-215-104-24.plesk.page\/wp-content\/uploads\/2025\/11\/AROZ-WEBDESIGN-scaled-e1762470670339-625x1024.jpg 625w, https:\/\/upbeat-hopper.85-215-104-24.plesk.page\/wp-content\/uploads\/2025\/11\/AROZ-WEBDESIGN-scaled-e1762470670339-768x1259.jpg 768w, https:\/\/upbeat-hopper.85-215-104-24.plesk.page\/wp-content\/uploads\/2025\/11\/AROZ-WEBDESIGN-scaled-e1762470670339-937x1536.jpg 937w, https:\/\/upbeat-hopper.85-215-104-24.plesk.page\/wp-content\/uploads\/2025\/11\/AROZ-WEBDESIGN-scaled-e1762470670339-1250x2048.jpg 1250w\" sizes=\"auto, (max-width: 1562px) 100vw, 1562px\" \/><\/figure>\n\n<figure class=\"wp-block-image size-full\"><img loading=\"lazy\" decoding=\"async\" width=\"2560\" height=\"1707\" src=\"https:\/\/upbeat-hopper.85-215-104-24.plesk.page\/wp-content\/uploads\/2025\/11\/Renato-Mamaj-und-Adem-Zora-Aroz-Webdesign-scaled.jpg\" alt class=\"wp-image-1277\" srcset=\"https:\/\/upbeat-hopper.85-215-104-24.plesk.page\/wp-content\/uploads\/2025\/11\/Renato-Mamaj-und-Adem-Zora-Aroz-Webdesign-scaled.jpg 2560w, https:\/\/upbeat-hopper.85-215-104-24.plesk.page\/wp-content\/uploads\/2025\/11\/Renato-Mamaj-und-Adem-Zora-Aroz-Webdesign-300x200.jpg 300w, https:\/\/upbeat-hopper.85-215-104-24.plesk.page\/wp-content\/uploads\/2025\/11\/Renato-Mamaj-und-Adem-Zora-Aroz-Webdesign-1024x683.jpg 1024w, https:\/\/upbeat-hopper.85-215-104-24.plesk.page\/wp-content\/uploads\/2025\/11\/Renato-Mamaj-und-Adem-Zora-Aroz-Webdesign-768x512.jpg 768w, https:\/\/upbeat-hopper.85-215-104-24.plesk.page\/wp-content\/uploads\/2025\/11\/Renato-Mamaj-und-Adem-Zora-Aroz-Webdesign-1536x1024.jpg 1536w, https:\/\/upbeat-hopper.85-215-104-24.plesk.page\/wp-content\/uploads\/2025\/11\/Renato-Mamaj-und-Adem-Zora-Aroz-Webdesign-2048x1365.jpg 2048w\" sizes=\"auto, (max-width: 2560px) 100vw, 2560px\" \/><\/figure>\n\n<figure class=\"wp-block-image size-full\"><img loading=\"lazy\" decoding=\"async\" width=\"1707\" height=\"2560\" src=\"https:\/\/upbeat-hopper.85-215-104-24.plesk.page\/wp-content\/uploads\/2025\/11\/AROZ-WEBDESIGN-SCHWELM-1-scaled.jpg\" alt class=\"wp-image-907\" srcset=\"https:\/\/upbeat-hopper.85-215-104-24.plesk.page\/wp-content\/uploads\/2025\/11\/AROZ-WEBDESIGN-SCHWELM-1-scaled.jpg 1707w, https:\/\/upbeat-hopper.85-215-104-24.plesk.page\/wp-content\/uploads\/2025\/11\/AROZ-WEBDESIGN-SCHWELM-1-200x300.jpg 200w, https:\/\/upbeat-hopper.85-215-104-24.plesk.page\/wp-content\/uploads\/2025\/11\/AROZ-WEBDESIGN-SCHWELM-1-683x1024.jpg 683w, https:\/\/upbeat-hopper.85-215-104-24.plesk.page\/wp-content\/uploads\/2025\/11\/AROZ-WEBDESIGN-SCHWELM-1-768x1152.jpg 768w, https:\/\/upbeat-hopper.85-215-104-24.plesk.page\/wp-content\/uploads\/2025\/11\/AROZ-WEBDESIGN-SCHWELM-1-1024x1536.jpg 1024w, https:\/\/upbeat-hopper.85-215-104-24.plesk.page\/wp-content\/uploads\/2025\/11\/AROZ-WEBDESIGN-SCHWELM-1-1365x2048.jpg 1365w\" sizes=\"auto, (max-width: 1707px) 100vw, 1707px\" \/><\/figure>\n\n<h2 class=\"has-text-align-center wp-block-heading\">Klarheit, Pr\u00e4zision und Design, geformt durch Entwicklung.<\/h2>\n\nJedes Projekt beginnt f\u00fcr uns mit einer einfachen Frage:\n<br>Wie k\u00f6nnen wir das Beste aus einer Marke herausholen \u2013 digital, emotional und strategisch?\nAus dieser Haltung entstehen Websites, die nicht nur funktionieren, sondern begeistern.\n\n07.2020\n\nAlles begann mit einer gemeinsamen Vision. Nachdem Adem und Renato ihr Studium zum E-Commerce-Manager erfolgreich abgeschlossen hatten, gr\u00fcndeten sie Aroz. Ihr Ziel war es, Unternehmen mit hochwertigen und verkaufsstarken Websites und Online-Shops zu unterst\u00fctzen. Schon fr\u00fch wurde klar: Hier treffen technische Pr\u00e4zision und ein tiefes Verst\u00e4ndnis f\u00fcr digitale M\u00e4rkte aufeinander.\n\n<h2 class=\"wp-block-heading\">Aroz Webdesign Agentur<\/h2>\n\n<h2 class=\"wp-block-heading\">Digitale L\u00f6sung aus einer Hand<\/h2>\n\nMit dem Erfolg kam die Vision, Unternehmen noch umfassender zu begleiten. Neben Webdesign und E-Commerce entstand ein kreatives Umfeld, das heute Fotografie, Videografie, Social Media und Content Marketing vereint. Aroz entwickelte sich zu einer Full Service Agentur, die digitale L\u00f6sungen aus einer Hand bietet. Alles ist strategisch durchdacht, visuell stark und auf langfristigen Erfolg ausgerichtet. So wurde aus einer Idee ein digitaler Kosmos, der Marken wachsen l\u00e4sst und Menschen begeistert.\n\n<h2 class=\"wp-block-heading\">Rebranding<\/h2>\n\nMit dem Rebranding entstand eine klare Ausrichtung auf strategisches Webdesign und digitale Markenf\u00fchrung. Aus Entwicklern wurden kreative Strategen, die Design als Ausdruck von Identit\u00e4t und Wachstum verstehen. Seitdem gestalten Adem und Renato digitale Auftritte, die weit \u00fcber \u00c4sthetik hinausgehen. Sie verbinden durchdachte SEO Strukturen, ein authentisches Nutzererlebnis und eine starke Markenbotschaft, um Websites zu schaffen, die nicht nur gesehen, sondern auch erinnert werden.\n\n\n\n<div class=\"wp-block-buttons is-layout-flex wp-block-buttons-is-layout-flex\"><div class=\"wp-block-button\"><a class=\"wp-block-button__link\">Button<\/a><\/div><\/div>\n\n<div class=\"wp-block-buttons is-layout-flex wp-block-buttons-is-layout-flex\"><\/div>\n\n<h2 class=\"wp-block-heading\">This is a placeholder headline<\/h2>\n\nTagline\n\nThis is some placeholder text.\n\n<div class=\"wp-block-buttons is-layout-flex wp-block-buttons-is-layout-flex\"><div class=\"wp-block-button\"><a class=\"wp-block-button__link\">Jetzt Projekt starten<\/a><\/div><\/div>\n\n<div class=\"wp-block-buttons is-layout-flex wp-block-buttons-is-layout-flex\"><div class=\"wp-block-button\"><a class=\"wp-block-button__link\">Beratungsgespr\u00e4ch<\/a><\/div><\/div>\n\n<figure class=\"wp-block-image size-large\"><img loading=\"lazy\" decoding=\"async\" width=\"1024\" height=\"683\" src=\"https:\/\/upbeat-hopper.85-215-104-24.plesk.page\/wp-content\/uploads\/2025\/11\/BGNL7839-1024x683.jpg\" alt class=\"wp-image-1308\" srcset=\"https:\/\/upbeat-hopper.85-215-104-24.plesk.page\/wp-content\/uploads\/2025\/11\/BGNL7839-1024x683.jpg 1024w, https:\/\/upbeat-hopper.85-215-104-24.plesk.page\/wp-content\/uploads\/2025\/11\/BGNL7839-300x200.jpg 300w, https:\/\/upbeat-hopper.85-215-104-24.plesk.page\/wp-content\/uploads\/2025\/11\/BGNL7839-768x512.jpg 768w, https:\/\/upbeat-hopper.85-215-104-24.plesk.page\/wp-content\/uploads\/2025\/11\/BGNL7839-1536x1024.jpg 1536w, https:\/\/upbeat-hopper.85-215-104-24.plesk.page\/wp-content\/uploads\/2025\/11\/BGNL7839-2048x1365.jpg 2048w\" sizes=\"auto, (max-width: 1024px) 100vw, 1024px\" \/><\/figure>\n\n<h3 class=\"wp-block-heading\">Dein Partner f\u00fcr Strategie, Design und digitale Wirklichkeit<\/h3>\n\nStarte jetzt\n\n<!-- wp:Array \/-->\n\n<h2 class=\"has-text-align-center wp-block-heading\">Unsere Agentur schafft digitale R\u00e4ume, die Menschen fesseln und Unternehmen wachsen lassen.<\/h2>\n\nWir sind Aroz, ein eingespieltes Team mit gro\u00dfen Anspr\u00fcchen und einer klaren Vision. Wir lieben Design, das Menschen ber\u00fchrt und Strategien, die wirklich etwas bewegen. F\u00fcr uns ist jedes Projekt eine echte Partnerschaft, bei der wir gemeinsam von der ersten Idee bis zur fertigen Identit\u00e4t wachsen. Dabei h\u00f6ren wir aufmerksam zu, denken mit und gestalten mit Leidenschaft. Wir wissen: Eine Website ist weit mehr als nur ein digitaler Auftritt. Sie ist das Zuhause einer Marke und der Ausdruck dessen, wof\u00fcr sie steht.\n\n09.2024\n\n09.2023\n\n<figure class=\"wp-block-image size-large\"><img loading=\"lazy\" decoding=\"async\" width=\"1024\" height=\"683\" src=\"https:\/\/upbeat-hopper.85-215-104-24.plesk.page\/wp-content\/uploads\/2025\/10\/Adem-AROZ-WEBDESIGN-1024x683.jpg\" alt class=\"wp-image-212\" srcset=\"https:\/\/upbeat-hopper.85-215-104-24.plesk.page\/wp-content\/uploads\/2025\/10\/Adem-AROZ-WEBDESIGN-1024x683.jpg 1024w, https:\/\/upbeat-hopper.85-215-104-24.plesk.page\/wp-content\/uploads\/2025\/10\/Adem-AROZ-WEBDESIGN-300x200.jpg 300w, https:\/\/upbeat-hopper.85-215-104-24.plesk.page\/wp-content\/uploads\/2025\/10\/Adem-AROZ-WEBDESIGN-768x512.jpg 768w, https:\/\/upbeat-hopper.85-215-104-24.plesk.page\/wp-content\/uploads\/2025\/10\/Adem-AROZ-WEBDESIGN-1536x1024.jpg 1536w, https:\/\/upbeat-hopper.85-215-104-24.plesk.page\/wp-content\/uploads\/2025\/10\/Adem-AROZ-WEBDESIGN-2048x1365.jpg 2048w\" sizes=\"auto, (max-width: 1024px) 100vw, 1024px\" \/><\/figure>\n\nAuthor Name\n\nWhile we&#8217;re still finalizing our content, we&#8217;ve included this placeholder text to occupy the space temporarily. Once our content is ready, we&#8217;ll replace this text with the real deal.\n\nAuthor Caption\n\n<figure class=\"wp-block-image size-large\"><img loading=\"lazy\" decoding=\"async\" width=\"819\" height=\"1024\" src=\"https:\/\/upbeat-hopper.85-215-104-24.plesk.page\/wp-content\/uploads\/2025\/11\/Aroz-Webdesign-Kunde-Fahrschule-Fast-Drive-Wuppertal-819x1024.jpg\" alt class=\"wp-image-1404\" srcset=\"https:\/\/upbeat-hopper.85-215-104-24.plesk.page\/wp-content\/uploads\/2025\/11\/Aroz-Webdesign-Kunde-Fahrschule-Fast-Drive-Wuppertal-819x1024.jpg 819w, https:\/\/upbeat-hopper.85-215-104-24.plesk.page\/wp-content\/uploads\/2025\/11\/Aroz-Webdesign-Kunde-Fahrschule-Fast-Drive-Wuppertal-240x300.jpg 240w, https:\/\/upbeat-hopper.85-215-104-24.plesk.page\/wp-content\/uploads\/2025\/11\/Aroz-Webdesign-Kunde-Fahrschule-Fast-Drive-Wuppertal-768x960.jpg 768w, https:\/\/upbeat-hopper.85-215-104-24.plesk.page\/wp-content\/uploads\/2025\/11\/Aroz-Webdesign-Kunde-Fahrschule-Fast-Drive-Wuppertal.jpg 1080w\" sizes=\"auto, (max-width: 819px) 100vw, 819px\" \/><\/figure>\n\nBoris Vajgand\n\nFast Drive Wuppertal\n\nAroz schafft es uns zu verstehen, noch bevor wir ein Wort sagen. Nach eineinhalb Jahren geh\u00f6ren wir lokal zu den angesagtesten Fahrschulen in Wuppertal. Deswegen stand f\u00fcr meine Frau und mich schnell fest, Aroz Webdesign bleibt an unserer Seite.\n\n<figure class=\"wp-block-image size-large\"><img loading=\"lazy\" decoding=\"async\" width=\"1024\" height=\"657\" src=\"https:\/\/upbeat-hopper.85-215-104-24.plesk.page\/wp-content\/uploads\/2025\/11\/AROZ-WEBDESIGN-KUNDE-e1762378990600-1024x657.webp\" alt class=\"wp-image-869\" srcset=\"https:\/\/upbeat-hopper.85-215-104-24.plesk.page\/wp-content\/uploads\/2025\/11\/AROZ-WEBDESIGN-KUNDE-e1762378990600-1024x657.webp 1024w, https:\/\/upbeat-hopper.85-215-104-24.plesk.page\/wp-content\/uploads\/2025\/11\/AROZ-WEBDESIGN-KUNDE-e1762378990600-300x193.webp 300w, https:\/\/upbeat-hopper.85-215-104-24.plesk.page\/wp-content\/uploads\/2025\/11\/AROZ-WEBDESIGN-KUNDE-e1762378990600-768x493.webp 768w, https:\/\/upbeat-hopper.85-215-104-24.plesk.page\/wp-content\/uploads\/2025\/11\/AROZ-WEBDESIGN-KUNDE-e1762378990600.webp 1134w\" sizes=\"auto, (max-width: 1024px) 100vw, 1024px\" \/><\/figure>\n\nSefkan T\u00fcn\n\niTrust Automobile\n\nErst durch Aroz habe ich verstanden, wie wertvoll eine eigene Website ist. Sie haben den kompletten Aufbau unserer Website \u00fcbernommen. Von der ersten Idee bis zur fertigen Umsetzung lief alles reibungslos. Die Zusammenarbeit hat mich \u00fcberzeugt.\n\n<figure class=\"wp-block-image size-large\"><img loading=\"lazy\" decoding=\"async\" width=\"683\" height=\"1024\" src=\"https:\/\/upbeat-hopper.85-215-104-24.plesk.page\/wp-content\/uploads\/2025\/10\/Renato-Mamaj-Aroz-Webdesign-683x1024.jpg\" alt class=\"wp-image-216\" srcset=\"https:\/\/upbeat-hopper.85-215-104-24.plesk.page\/wp-content\/uploads\/2025\/10\/Renato-Mamaj-Aroz-Webdesign-683x1024.jpg 683w, https:\/\/upbeat-hopper.85-215-104-24.plesk.page\/wp-content\/uploads\/2025\/10\/Renato-Mamaj-Aroz-Webdesign-200x300.jpg 200w, https:\/\/upbeat-hopper.85-215-104-24.plesk.page\/wp-content\/uploads\/2025\/10\/Renato-Mamaj-Aroz-Webdesign-768x1152.jpg 768w, https:\/\/upbeat-hopper.85-215-104-24.plesk.page\/wp-content\/uploads\/2025\/10\/Renato-Mamaj-Aroz-Webdesign-1024x1536.jpg 1024w, https:\/\/upbeat-hopper.85-215-104-24.plesk.page\/wp-content\/uploads\/2025\/10\/Renato-Mamaj-Aroz-Webdesign-1365x2048.jpg 1365w, https:\/\/upbeat-hopper.85-215-104-24.plesk.page\/wp-content\/uploads\/2025\/10\/Renato-Mamaj-Aroz-Webdesign-scaled.jpg 1707w\" sizes=\"auto, (max-width: 683px) 100vw, 683px\" \/><\/figure>\n\nAuthor Name\n\nAuthor Caption\n\nWhile we&#8217;re still finalizing our content, we&#8217;ve included this placeholder text to occupy the space temporarily. Once our content is ready, we&#8217;ll replace this text with the real deal.\n\n<figure class=\"wp-block-image size-large\"><img loading=\"lazy\" decoding=\"async\" width=\"683\" height=\"1024\" src=\"https:\/\/upbeat-hopper.85-215-104-24.plesk.page\/wp-content\/uploads\/2025\/10\/Team-AROZ-683x1024.jpg\" alt class=\"wp-image-224\" srcset=\"https:\/\/upbeat-hopper.85-215-104-24.plesk.page\/wp-content\/uploads\/2025\/10\/Team-AROZ-683x1024.jpg 683w, https:\/\/upbeat-hopper.85-215-104-24.plesk.page\/wp-content\/uploads\/2025\/10\/Team-AROZ-200x300.jpg 200w, https:\/\/upbeat-hopper.85-215-104-24.plesk.page\/wp-content\/uploads\/2025\/10\/Team-AROZ-768x1152.jpg 768w, https:\/\/upbeat-hopper.85-215-104-24.plesk.page\/wp-content\/uploads\/2025\/10\/Team-AROZ-1024x1536.jpg 1024w, https:\/\/upbeat-hopper.85-215-104-24.plesk.page\/wp-content\/uploads\/2025\/10\/Team-AROZ-1365x2048.jpg 1365w, https:\/\/upbeat-hopper.85-215-104-24.plesk.page\/wp-content\/uploads\/2025\/10\/Team-AROZ-scaled.jpg 1707w\" sizes=\"auto, (max-width: 683px) 100vw, 683px\" \/><\/figure>\n\nSebastian &#038; Tatjana Contzen\n\n4Fahrlehrer\n\nMit Aroz Webdesign hat unsere Website endlich den Auftritt, den sie verdient: klare Struktur, schnelle Ladezeiten und ein Design, das bei Fahrlehrern wie Fahrschulen punktet. Absolute Empfehlung!\n\n<h2 class=\"wp-block-heading\">Echte  Kundenstimmen<\/h2>\n\nUnsere Kunden","protected":false},"excerpt":{"rendered":"<p>Agentur f\u00fcr strategisches Webdesign Wir formen digitale Wirklichkeiten f\u00fcr Unternehmen. Wir glauben, dass echtes Webdesign mehr ist als sch\u00f6ne Seiten und moderne Technik. Es ist die Kunst, Marken f\u00fchlbar zu machen. Mit strategischem Denken, kreativer Energie und dem Anspruch, jedes Detail zum Erlebnis zu formen, erschaffen wir digitale Welten, die wirken. Klarheit, Pr\u00e4zision und Design, [&hellip;]<\/p>\n","protected":false},"author":1,"featured_media":0,"parent":0,"menu_order":0,"comment_status":"closed","ping_status":"closed","template":"","meta":{"footnotes":""},"class_list":["post-65","page","type-page","status-publish","hentry"],"_links":{"self":[{"href":"https:\/\/upbeat-hopper.85-215-104-24.plesk.page\/index.php\/wp-json\/wp\/v2\/pages\/65","targetHints":{"allow":["GET"]}}],"collection":[{"href":"https:\/\/upbeat-hopper.85-215-104-24.plesk.page\/index.php\/wp-json\/wp\/v2\/pages"}],"about":[{"href":"https:\/\/upbeat-hopper.85-215-104-24.plesk.page\/index.php\/wp-json\/wp\/v2\/types\/page"}],"author":[{"embeddable":true,"href":"https:\/\/upbeat-hopper.85-215-104-24.plesk.page\/index.php\/wp-json\/wp\/v2\/users\/1"}],"replies":[{"embeddable":true,"href":"https:\/\/upbeat-hopper.85-215-104-24.plesk.page\/index.php\/wp-json\/wp\/v2\/comments?post=65"}],"version-history":[{"count":99,"href":"https:\/\/upbeat-hopper.85-215-104-24.plesk.page\/index.php\/wp-json\/wp\/v2\/pages\/65\/revisions"}],"predecessor-version":[{"id":1560,"href":"https:\/\/upbeat-hopper.85-215-104-24.plesk.page\/index.php\/wp-json\/wp\/v2\/pages\/65\/revisions\/1560"}],"wp:attachment":[{"href":"https:\/\/upbeat-hopper.85-215-104-24.plesk.page\/index.php\/wp-json\/wp\/v2\/media?parent=65"}],"curies":[{"name":"wp","href":"https:\/\/api.w.org\/{rel}","templated":true}]}}