{"id":68,"date":"2025-10-24T20:18:20","date_gmt":"2025-10-24T20:18:20","guid":{"rendered":"https:\/\/upbeat-hopper.85-215-104-24.plesk.page\/?page_id=68"},"modified":"2025-11-27T19:54:18","modified_gmt":"2025-11-27T19:54:18","slug":"projekte","status":"publish","type":"page","link":"https:\/\/upbeat-hopper.85-215-104-24.plesk.page\/index.php\/projekte\/","title":{"rendered":"Projekte"},"content":{"rendered":"<figure class=\"wp-block-image size-full\"><img loading=\"lazy\" decoding=\"async\" width=\"2560\" height=\"1707\" src=\"https:\/\/upbeat-hopper.85-215-104-24.plesk.page\/wp-content\/uploads\/2025\/11\/BGNL7839-scaled.jpg\" alt class=\"wp-image-1308\" srcset=\"https:\/\/upbeat-hopper.85-215-104-24.plesk.page\/wp-content\/uploads\/2025\/11\/BGNL7839-scaled.jpg 2560w, https:\/\/upbeat-hopper.85-215-104-24.plesk.page\/wp-content\/uploads\/2025\/11\/BGNL7839-300x200.jpg 300w, https:\/\/upbeat-hopper.85-215-104-24.plesk.page\/wp-content\/uploads\/2025\/11\/BGNL7839-1024x683.jpg 1024w, https:\/\/upbeat-hopper.85-215-104-24.plesk.page\/wp-content\/uploads\/2025\/11\/BGNL7839-768x512.jpg 768w, https:\/\/upbeat-hopper.85-215-104-24.plesk.page\/wp-content\/uploads\/2025\/11\/BGNL7839-1536x1024.jpg 1536w, https:\/\/upbeat-hopper.85-215-104-24.plesk.page\/wp-content\/uploads\/2025\/11\/BGNL7839-2048x1365.jpg 2048w\" sizes=\"auto, (max-width: 2560px) 100vw, 2560px\" \/><\/figure>\n\n<h3 class=\"wp-block-heading\">{post_title}<\/h3>\n\n{post_excerpt:20}\n\n{post_terms_category}<br>\n\n{post_date}\n\n{author_meta:display_name}\n\n\n\nUnsere Projekte\n\n<h2 class=\"wp-block-heading\">Unsere Projekte erz\u00e4hlen von Menschen, Ideen und dem Mut, Dinge anders zu denken.<\/h2>\n\nJedes Projekt ist f\u00fcr uns ein Versprechen. Ein Versprechen an Qualit\u00e4t, an Vertrauen und an die Menschen, die darin leben, arbeiten oder sich einfach wohlf\u00fchlen sollen. Wir beginnen nicht mit einem Plan, sondern mit einem Gef\u00fchl. Mit dem Wunsch, etwas zu schaffen, das ber\u00fchrt und bleibt. Aus dieser Haltung entstehen Websites mit Seele, Markenbilder mit Charakter und Strukturen, die mehr k\u00f6nnen als nur funktionieren. Wir glauben daran, dass jedes Detail Bedeutung hat und dass wahre St\u00e4rke in der Einfachheit liegt. Unsere Projekte tragen diese Haltung in sich. Sie sind ehrlich und best\u00e4ndig, getragen von dem Anspruch, etwas Wertvolles zu hinterlassen.\n\n<h2 class=\"has-text-align-center wp-block-heading\">BEREIT F\u00dcR VER\u00c4NDERUNG?<\/h2>\n\n<h3 class=\"wp-block-heading\">Wachstum beginnt mit einem Gespr\u00e4ch<\/h3>\n\n<p>Wenn du sp\u00fcrst, dass deine Marke mehr kann.<br \/>Wenn du eine Agentur suchst, die dich f\u00fchrt, statt dir zu folgen.<br \/>Wenn du mehr willst als sch\u00f6ne Bilder und schnelle Versprechen.<br \/>Dann bist du bereit, den n\u00e4chsten digitalen Schritt zu gehen \u2013 hin zu klarer Markenstrategie, modernem Design und echtem Wachstum.<\/p>\n\n<!-- wp:Array \/-->\n\n<div class=\"wp-block-buttons is-layout-flex wp-block-buttons-is-layout-flex\"><div class=\"wp-block-button\"><a class=\"wp-block-button__link\">Angebot Anfragen<\/a><\/div><\/div>","protected":false},"excerpt":{"rendered":"<p>{post_title} {post_excerpt:20} {post_terms_category} {post_date} {author_meta:display_name} Unsere Projekte Unsere Projekte erz\u00e4hlen von Menschen, Ideen und dem Mut, Dinge anders zu denken. Jedes Projekt ist f\u00fcr uns ein Versprechen. Ein Versprechen an Qualit\u00e4t, an Vertrauen und an die Menschen, die darin leben, arbeiten oder sich einfach wohlf\u00fchlen sollen. Wir beginnen nicht mit einem Plan, sondern mit einem [&hellip;]<\/p>\n","protected":false},"author":1,"featured_media":0,"parent":0,"menu_order":0,"comment_status":"closed","ping_status":"closed","template":"","meta":{"footnotes":""},"class_list":["post-68","page","type-page","status-publish","hentry"],"_links":{"self":[{"href":"https:\/\/upbeat-hopper.85-215-104-24.plesk.page\/index.php\/wp-json\/wp\/v2\/pages\/68","targetHints":{"allow":["GET"]}}],"collection":[{"href":"https:\/\/upbeat-hopper.85-215-104-24.plesk.page\/index.php\/wp-json\/wp\/v2\/pages"}],"about":[{"href":"https:\/\/upbeat-hopper.85-215-104-24.plesk.page\/index.php\/wp-json\/wp\/v2\/types\/page"}],"author":[{"embeddable":true,"href":"https:\/\/upbeat-hopper.85-215-104-24.plesk.page\/index.php\/wp-json\/wp\/v2\/users\/1"}],"replies":[{"embeddable":true,"href":"https:\/\/upbeat-hopper.85-215-104-24.plesk.page\/index.php\/wp-json\/wp\/v2\/comments?post=68"}],"version-history":[{"count":38,"href":"https:\/\/upbeat-hopper.85-215-104-24.plesk.page\/index.php\/wp-json\/wp\/v2\/pages\/68\/revisions"}],"predecessor-version":[{"id":1553,"href":"https:\/\/upbeat-hopper.85-215-104-24.plesk.page\/index.php\/wp-json\/wp\/v2\/pages\/68\/revisions\/1553"}],"wp:attachment":[{"href":"https:\/\/upbeat-hopper.85-215-104-24.plesk.page\/index.php\/wp-json\/wp\/v2\/media?parent=68"}],"curies":[{"name":"wp","href":"https:\/\/api.w.org\/{rel}","templated":true}]}}